{"id":7508,"date":"2023-10-19T21:33:45","date_gmt":"2023-10-19T20:33:45","guid":{"rendered":"https:\/\/arikae.com\/?post_type=product&#038;p=7508"},"modified":"2025-04-08T09:03:43","modified_gmt":"2025-04-08T08:03:43","slug":"guanabana-capsulas","status":"publish","type":"product","link":"https:\/\/arikae.com\/index.php\/product\/guanabana-capsulas\/","title":{"rendered":"Guan\u00e1bana &#8211; Capsulas"},"content":{"rendered":"<h1><strong>Guan\u00e1bana<\/strong><\/h1>\n<h2>Se ha utilizado para mejorar la digesti\u00f3n y para regular el az\u00facar en la sangre. Adem\u00e1s ayuda a combatir el da\u00f1o celular.<\/h2>\n","protected":false},"excerpt":{"rendered":"<p>Guan\u00e1bana Se ha utilizado para mejorar la digesti\u00f3n y para regular el az\u00facar en la sangre. Adem\u00e1s ayuda a combatir el da\u00f1o celular.<\/p>\n","protected":false},"featured_media":7509,"comment_status":"open","ping_status":"closed","template":"","meta":[],"product_cat":[108],"product_tag":[210,182,122,110,209],"_links":{"self":[{"href":"https:\/\/arikae.com\/index.php\/wp-json\/wp\/v2\/product\/7508"}],"collection":[{"href":"https:\/\/arikae.com\/index.php\/wp-json\/wp\/v2\/product"}],"about":[{"href":"https:\/\/arikae.com\/index.php\/wp-json\/wp\/v2\/types\/product"}],"replies":[{"embeddable":true,"href":"https:\/\/arikae.com\/index.php\/wp-json\/wp\/v2\/comments?post=7508"}],"wp:featuredmedia":[{"embeddable":true,"href":"https:\/\/arikae.com\/index.php\/wp-json\/wp\/v2\/media\/7509"}],"wp:attachment":[{"href":"https:\/\/arikae.com\/index.php\/wp-json\/wp\/v2\/media?parent=7508"}],"wp:term":[{"taxonomy":"product_cat","embeddable":true,"href":"https:\/\/arikae.com\/index.php\/wp-json\/wp\/v2\/product_cat?post=7508"},{"taxonomy":"product_tag","embeddable":true,"href":"https:\/\/arikae.com\/index.php\/wp-json\/wp\/v2\/product_tag?post=7508"}],"curies":[{"name":"wp","href":"https:\/\/api.w.org\/{rel}","templated":true}]}}