{"id":7516,"date":"2023-10-23T22:01:43","date_gmt":"2023-10-23T21:01:43","guid":{"rendered":"https:\/\/arikae.com\/?post_type=product&#038;p=7516"},"modified":"2026-03-07T07:26:37","modified_gmt":"2026-03-07T07:26:37","slug":"aguaje-capsulas","status":"publish","type":"product","link":"https:\/\/arikae.com\/index.php\/product\/aguaje-capsulas\/","title":{"rendered":"Aguaje &#8211; Capsulas"},"content":{"rendered":"<h1><strong>Aguaje<\/strong><\/h1>\n<h2>Contiene nutrientes beneficiosos, c\u00f3mo fibra, vitaminas y minerales. P\u00e9rdida de peso y la mejora del control del az\u00facar en la sangre.<\/h2>\n","protected":false},"excerpt":{"rendered":"<h1><strong>Aguaje<\/strong><\/h1>\n<h2>Contiene nutrientes beneficiosos, c\u00f3mo fibra, vitaminas y minerales. P\u00e9rdida de peso y la mejora del control del az\u00facar en la sangre.<\/h2>\n","protected":false},"featured_media":7517,"comment_status":"open","ping_status":"closed","template":"","meta":[],"product_cat":[108],"product_tag":[211,218,217,122,212,216,214,215,219,213],"_links":{"self":[{"href":"https:\/\/arikae.com\/index.php\/wp-json\/wp\/v2\/product\/7516"}],"collection":[{"href":"https:\/\/arikae.com\/index.php\/wp-json\/wp\/v2\/product"}],"about":[{"href":"https:\/\/arikae.com\/index.php\/wp-json\/wp\/v2\/types\/product"}],"replies":[{"embeddable":true,"href":"https:\/\/arikae.com\/index.php\/wp-json\/wp\/v2\/comments?post=7516"}],"wp:featuredmedia":[{"embeddable":true,"href":"https:\/\/arikae.com\/index.php\/wp-json\/wp\/v2\/media\/7517"}],"wp:attachment":[{"href":"https:\/\/arikae.com\/index.php\/wp-json\/wp\/v2\/media?parent=7516"}],"wp:term":[{"taxonomy":"product_cat","embeddable":true,"href":"https:\/\/arikae.com\/index.php\/wp-json\/wp\/v2\/product_cat?post=7516"},{"taxonomy":"product_tag","embeddable":true,"href":"https:\/\/arikae.com\/index.php\/wp-json\/wp\/v2\/product_tag?post=7516"}],"curies":[{"name":"wp","href":"https:\/\/api.w.org\/{rel}","templated":true}]}}