{"id":7527,"date":"2023-10-23T22:17:58","date_gmt":"2023-10-23T21:17:58","guid":{"rendered":"https:\/\/arikae.com\/?post_type=product&#038;p=7527"},"modified":"2023-10-23T22:17:58","modified_gmt":"2023-10-23T21:17:58","slug":"ginkgo-biloba-capsulas","status":"publish","type":"product","link":"https:\/\/arikae.com\/index.php\/product\/ginkgo-biloba-capsulas\/","title":{"rendered":"Ginkgo Biloba &#8211; capsulas"},"content":{"rendered":"<h1><strong>Ginkgo Biloba<\/strong><\/h1>\n<h2>Auxiliar en casos de depresi\u00f3n y el estr\u00e9s y para mejorar la circulaci\u00f3n y la funci\u00f3n sexual. Mejora el funcionamiento de la memoria.<\/h2>\n","protected":false},"excerpt":{"rendered":"<h1><strong>Ginkgo Biloba<\/strong><\/h1>\n<h2>Auxiliar en casos de depresi\u00f3n y el estr\u00e9s y para mejorar la circulaci\u00f3n y la funci\u00f3n sexual. Mejora el funcionamiento de la memoria.<\/h2>\n","protected":false},"featured_media":7529,"comment_status":"open","ping_status":"closed","template":"","meta":[],"product_cat":[108],"product_tag":[226,186,137,138,225,188],"_links":{"self":[{"href":"https:\/\/arikae.com\/index.php\/wp-json\/wp\/v2\/product\/7527"}],"collection":[{"href":"https:\/\/arikae.com\/index.php\/wp-json\/wp\/v2\/product"}],"about":[{"href":"https:\/\/arikae.com\/index.php\/wp-json\/wp\/v2\/types\/product"}],"replies":[{"embeddable":true,"href":"https:\/\/arikae.com\/index.php\/wp-json\/wp\/v2\/comments?post=7527"}],"wp:featuredmedia":[{"embeddable":true,"href":"https:\/\/arikae.com\/index.php\/wp-json\/wp\/v2\/media\/7529"}],"wp:attachment":[{"href":"https:\/\/arikae.com\/index.php\/wp-json\/wp\/v2\/media?parent=7527"}],"wp:term":[{"taxonomy":"product_cat","embeddable":true,"href":"https:\/\/arikae.com\/index.php\/wp-json\/wp\/v2\/product_cat?post=7527"},{"taxonomy":"product_tag","embeddable":true,"href":"https:\/\/arikae.com\/index.php\/wp-json\/wp\/v2\/product_tag?post=7527"}],"curies":[{"name":"wp","href":"https:\/\/api.w.org\/{rel}","templated":true}]}}