{"id":7530,"date":"2023-10-23T22:28:05","date_gmt":"2023-10-23T21:28:05","guid":{"rendered":"https:\/\/arikae.com\/?post_type=product&#038;p=7530"},"modified":"2025-04-08T19:10:50","modified_gmt":"2025-04-08T18:10:50","slug":"levadura-de-cerveza-capsulas","status":"publish","type":"product","link":"https:\/\/arikae.com\/index.php\/product\/levadura-de-cerveza-capsulas\/","title":{"rendered":"Levadura de Cerveza &#8211; Capsulas"},"content":{"rendered":"<h1><strong>Levadura de Cerveza<\/strong><\/h1>\n<h2>Contiene una variedad de vitaminas del grupo B, c\u00f3mo las vitaminas B1 ( tiamina), B2 (riboflavina), B3 (niacina), B6 (piridoxina) y B9 (\u00e1cido f\u00f3lico).<br \/>\nEstas vitaminas son esenciales para el metabolismo energ\u00e9tico, el sistema nervioso y la salud de la piel.<\/h2>\n","protected":false},"excerpt":{"rendered":"<h1><strong>Levadura de Cerveza<\/strong><\/h1>\n<h2>Contiene una variedad de vitaminas del grupo B, c\u00f3mo las vitaminas B1 ( tiamina), B2 (riboflavina), B3 (niacina), B6 (piridoxina) y B9 (\u00e1cido f\u00f3lico).<br \/>\nEstas vitaminas son esenciales para el metabolismo energ\u00e9tico, el sistema nervioso y la salud de la piel.<\/h2>\n","protected":false},"featured_media":7532,"comment_status":"open","ping_status":"closed","template":"","meta":[],"product_cat":[108],"product_tag":[224,229,231,233,235,237,228,227,234,236,232,230],"_links":{"self":[{"href":"https:\/\/arikae.com\/index.php\/wp-json\/wp\/v2\/product\/7530"}],"collection":[{"href":"https:\/\/arikae.com\/index.php\/wp-json\/wp\/v2\/product"}],"about":[{"href":"https:\/\/arikae.com\/index.php\/wp-json\/wp\/v2\/types\/product"}],"replies":[{"embeddable":true,"href":"https:\/\/arikae.com\/index.php\/wp-json\/wp\/v2\/comments?post=7530"}],"wp:featuredmedia":[{"embeddable":true,"href":"https:\/\/arikae.com\/index.php\/wp-json\/wp\/v2\/media\/7532"}],"wp:attachment":[{"href":"https:\/\/arikae.com\/index.php\/wp-json\/wp\/v2\/media?parent=7530"}],"wp:term":[{"taxonomy":"product_cat","embeddable":true,"href":"https:\/\/arikae.com\/index.php\/wp-json\/wp\/v2\/product_cat?post=7530"},{"taxonomy":"product_tag","embeddable":true,"href":"https:\/\/arikae.com\/index.php\/wp-json\/wp\/v2\/product_tag?post=7530"}],"curies":[{"name":"wp","href":"https:\/\/api.w.org\/{rel}","templated":true}]}}