{"id":7544,"date":"2023-10-24T01:02:22","date_gmt":"2023-10-24T00:02:22","guid":{"rendered":"https:\/\/arikae.com\/?post_type=product&#038;p=7544"},"modified":"2023-10-24T01:02:22","modified_gmt":"2023-10-24T00:02:22","slug":"romero-aceite-virgen","status":"publish","type":"product","link":"https:\/\/arikae.com\/index.php\/product\/romero-aceite-virgen\/","title":{"rendered":"Romero Aceite Virgen"},"content":{"rendered":"<h1><strong>Aceite de Romero 100% virgen sin refinar.<\/strong><\/h1>\n<h2>Resulta \u00fatil en la vida cotidiana para cosas c\u00f3mo promover un cabello de apariencia sedosa, dar un masaje relajante, cocinar, comidas saludables y m\u00e1s.<\/h2>\n","protected":false},"excerpt":{"rendered":"<h1><strong>Aceite de Romero 100% virgen sin refinar.<\/strong><\/h1>\n<h2>Resulta \u00fatil en la vida cotidiana para cosas c\u00f3mo promover un cabello de apariencia sedosa, dar un masaje relajante, cocinar, comidas saludables y m\u00e1s.<\/h2>\n","protected":false},"featured_media":7546,"comment_status":"open","ping_status":"closed","template":"","meta":[],"product_cat":[94,238],"product_tag":[239,260,259,258,240],"_links":{"self":[{"href":"https:\/\/arikae.com\/index.php\/wp-json\/wp\/v2\/product\/7544"}],"collection":[{"href":"https:\/\/arikae.com\/index.php\/wp-json\/wp\/v2\/product"}],"about":[{"href":"https:\/\/arikae.com\/index.php\/wp-json\/wp\/v2\/types\/product"}],"replies":[{"embeddable":true,"href":"https:\/\/arikae.com\/index.php\/wp-json\/wp\/v2\/comments?post=7544"}],"wp:featuredmedia":[{"embeddable":true,"href":"https:\/\/arikae.com\/index.php\/wp-json\/wp\/v2\/media\/7546"}],"wp:attachment":[{"href":"https:\/\/arikae.com\/index.php\/wp-json\/wp\/v2\/media?parent=7544"}],"wp:term":[{"taxonomy":"product_cat","embeddable":true,"href":"https:\/\/arikae.com\/index.php\/wp-json\/wp\/v2\/product_cat?post=7544"},{"taxonomy":"product_tag","embeddable":true,"href":"https:\/\/arikae.com\/index.php\/wp-json\/wp\/v2\/product_tag?post=7544"}],"curies":[{"name":"wp","href":"https:\/\/api.w.org\/{rel}","templated":true}]}}