{"id":7555,"date":"2023-10-31T01:37:08","date_gmt":"2023-10-31T01:37:08","guid":{"rendered":"https:\/\/arikae.com\/?post_type=product&#038;p=7555"},"modified":"2023-10-31T01:37:50","modified_gmt":"2023-10-31T01:37:50","slug":"aceite-de-naranja","status":"publish","type":"product","link":"https:\/\/arikae.com\/index.php\/product\/aceite-de-naranja\/","title":{"rendered":"Aceite de Naranja"},"content":{"rendered":"<h1><strong>Aceite de Naranja<\/strong><\/h1>\n<h2>Ayuda a hidratar la piel. quedando suave y sana. Elimina marcas de acn\u00e9 y recupera el tono original de la piel. Excelente para aportar energ\u00eda y buena actitud gracias a su aroma c\u00edtrica.<\/h2>\n","protected":false},"excerpt":{"rendered":"<h1><strong>Aceite de Naranja<\/strong><\/h1>\n<h2>Ayuda a hidratar la piel. quedando suave y sana. Elimina marcas de acn\u00e9 y recupera el tono original de la piel. Excelente para aportar energ\u00eda y buena actitud gracias a su aroma citrico.<\/h2>\n","protected":false},"featured_media":7557,"comment_status":"open","ping_status":"closed","template":"","meta":[],"product_cat":[94,238],"product_tag":[239,270,271,161,245,269,246],"_links":{"self":[{"href":"https:\/\/arikae.com\/index.php\/wp-json\/wp\/v2\/product\/7555"}],"collection":[{"href":"https:\/\/arikae.com\/index.php\/wp-json\/wp\/v2\/product"}],"about":[{"href":"https:\/\/arikae.com\/index.php\/wp-json\/wp\/v2\/types\/product"}],"replies":[{"embeddable":true,"href":"https:\/\/arikae.com\/index.php\/wp-json\/wp\/v2\/comments?post=7555"}],"wp:featuredmedia":[{"embeddable":true,"href":"https:\/\/arikae.com\/index.php\/wp-json\/wp\/v2\/media\/7557"}],"wp:attachment":[{"href":"https:\/\/arikae.com\/index.php\/wp-json\/wp\/v2\/media?parent=7555"}],"wp:term":[{"taxonomy":"product_cat","embeddable":true,"href":"https:\/\/arikae.com\/index.php\/wp-json\/wp\/v2\/product_cat?post=7555"},{"taxonomy":"product_tag","embeddable":true,"href":"https:\/\/arikae.com\/index.php\/wp-json\/wp\/v2\/product_tag?post=7555"}],"curies":[{"name":"wp","href":"https:\/\/api.w.org\/{rel}","templated":true}]}}