{"id":7565,"date":"2023-10-31T17:22:07","date_gmt":"2023-10-31T17:22:07","guid":{"rendered":"https:\/\/arikae.com\/?post_type=product&#038;p=7565"},"modified":"2023-10-31T17:22:32","modified_gmt":"2023-10-31T17:22:32","slug":"aceite-de-arbol-de-te","status":"publish","type":"product","link":"https:\/\/arikae.com\/index.php\/product\/aceite-de-arbol-de-te\/","title":{"rendered":"Aceite de \u00c1rbol de T\u00e9"},"content":{"rendered":"<h1><strong>Aceite de \u00c1rbol de T\u00e9.<\/strong><\/h1>\n<h2>Se usa habitualmente para tratar el acn\u00e9, el pi\u00e9 de atleta, los piojos, los hongos, en u\u00f1as y las picaduras de insectos.<br \/>\n<em><strong>Tratamiento para la Psoriasis.<\/strong><\/em><\/h2>\n<p>&nbsp;<\/p>\n","protected":false},"excerpt":{"rendered":"<h1><strong>Aceite de \u00c1rbol de T\u00e9.<\/strong><\/h1>\n<h2>Se usa habitualmente para tratar el acn\u00e9, el pi\u00e9 de atleta, los piojos, los hongos, en u\u00f1as y las picaduras de insectos.<br \/>\n<em><strong>Tratamiento para la Psoriasis.<\/strong><\/em><\/h2>\n<p>&nbsp;<\/p>\n","protected":false},"featured_media":7566,"comment_status":"open","ping_status":"closed","template":"","meta":[],"product_cat":[94,272],"product_tag":[239,270,169,280,99,287,284,282,285,286,281,289,288,283],"_links":{"self":[{"href":"https:\/\/arikae.com\/index.php\/wp-json\/wp\/v2\/product\/7565"}],"collection":[{"href":"https:\/\/arikae.com\/index.php\/wp-json\/wp\/v2\/product"}],"about":[{"href":"https:\/\/arikae.com\/index.php\/wp-json\/wp\/v2\/types\/product"}],"replies":[{"embeddable":true,"href":"https:\/\/arikae.com\/index.php\/wp-json\/wp\/v2\/comments?post=7565"}],"wp:featuredmedia":[{"embeddable":true,"href":"https:\/\/arikae.com\/index.php\/wp-json\/wp\/v2\/media\/7566"}],"wp:attachment":[{"href":"https:\/\/arikae.com\/index.php\/wp-json\/wp\/v2\/media?parent=7565"}],"wp:term":[{"taxonomy":"product_cat","embeddable":true,"href":"https:\/\/arikae.com\/index.php\/wp-json\/wp\/v2\/product_cat?post=7565"},{"taxonomy":"product_tag","embeddable":true,"href":"https:\/\/arikae.com\/index.php\/wp-json\/wp\/v2\/product_tag?post=7565"}],"curies":[{"name":"wp","href":"https:\/\/api.w.org\/{rel}","templated":true}]}}