{"id":7586,"date":"2023-10-31T19:54:28","date_gmt":"2023-10-31T19:54:28","guid":{"rendered":"https:\/\/arikae.com\/?post_type=product&#038;p=7586"},"modified":"2023-10-31T19:54:29","modified_gmt":"2023-10-31T19:54:29","slug":"aceite-de-arnica-con-diclofenaco-y-naproxeno-oil","status":"publish","type":"product","link":"https:\/\/arikae.com\/index.php\/product\/aceite-de-arnica-con-diclofenaco-y-naproxeno-oil\/","title":{"rendered":"Aceite de Arnica con Diclofenaco y Naproxeno &#8211; Oil"},"content":{"rendered":"<h1><b>Aceite de \u00c1rnica con Diclofenaco y Naproxeno &#8211; O\u00edl.<\/b><\/h1>\n<h2>Para aliviar dolores musculares e inflamaciones y curar heridas; cuando se aplica sobre la piel puede mejorar la sanaci\u00f3n al reducir la hinchaz\u00f3n y el dolor y acelerar la reabsorci\u00f3n de la sangre.<\/h2>\n","protected":false},"excerpt":{"rendered":"<h1><strong>Aceite de Arnica con Diclofenaco y Naproxeno &#8211; Oil.<\/strong><\/h1>\n<h2>Para aliviar dolores musculares e inflamaciones y curar heridas; cuando se aplica sobre la piel puede mejorar la sanaci\u00f3n al reducir la hinchaz\u00f3n y el dolor y acelerar la reabsorci\u00f3n de la sangre.<\/h2>\n","protected":false},"featured_media":7588,"comment_status":"open","ping_status":"closed","template":"","meta":[],"product_cat":[300,94],"product_tag":[239,319,320,144,322,126,321,287],"_links":{"self":[{"href":"https:\/\/arikae.com\/index.php\/wp-json\/wp\/v2\/product\/7586"}],"collection":[{"href":"https:\/\/arikae.com\/index.php\/wp-json\/wp\/v2\/product"}],"about":[{"href":"https:\/\/arikae.com\/index.php\/wp-json\/wp\/v2\/types\/product"}],"replies":[{"embeddable":true,"href":"https:\/\/arikae.com\/index.php\/wp-json\/wp\/v2\/comments?post=7586"}],"wp:featuredmedia":[{"embeddable":true,"href":"https:\/\/arikae.com\/index.php\/wp-json\/wp\/v2\/media\/7588"}],"wp:attachment":[{"href":"https:\/\/arikae.com\/index.php\/wp-json\/wp\/v2\/media?parent=7586"}],"wp:term":[{"taxonomy":"product_cat","embeddable":true,"href":"https:\/\/arikae.com\/index.php\/wp-json\/wp\/v2\/product_cat?post=7586"},{"taxonomy":"product_tag","embeddable":true,"href":"https:\/\/arikae.com\/index.php\/wp-json\/wp\/v2\/product_tag?post=7586"}],"curies":[{"name":"wp","href":"https:\/\/api.w.org\/{rel}","templated":true}]}}