{"id":7590,"date":"2023-10-31T20:02:53","date_gmt":"2023-10-31T20:02:53","guid":{"rendered":"https:\/\/arikae.com\/?post_type=product&#038;p=7590"},"modified":"2023-10-31T20:03:50","modified_gmt":"2023-10-31T20:03:50","slug":"aceite-de-cannabis-oil","status":"publish","type":"product","link":"https:\/\/arikae.com\/index.php\/product\/aceite-de-cannabis-oil\/","title":{"rendered":"Aceite de Cannabis &#8211; Oil"},"content":{"rendered":"<h1><strong>Aceite de Cannabis &#8211; O\u00edl.<\/strong><\/h1>\n<h2>El Hemp O\u00edl o aceite,\u00a0 se ha convertido en uno de los aceites m\u00e1s populares para la piel. Es extra\u00eddo de las semillas del cannabis, el cual pasa por un proceso de filtraci\u00f3n para luego utilizarlo c\u00f3mo ingrediente principal de nuestro aceite.<\/h2>\n","protected":false},"excerpt":{"rendered":"<h1><strong>Aceite de Cannabis &#8211; O\u00edl.<\/strong><\/h1>\n<h2>El Hemp O\u00edl o aceite,\u00a0 se ha convertido en uno de los aceites m\u00e1s populares para la piel. Es extra\u00eddo de las semillas del cannabis, el cual pasa por un proceso de filtraci\u00f3n para luego utilizarlo c\u00f3mo ingrediente principal de nuestro aceite.<\/h2>\n","protected":false},"featured_media":7591,"comment_status":"open","ping_status":"closed","template":"","meta":[],"product_cat":[300,94],"product_tag":[239,323,324,287],"_links":{"self":[{"href":"https:\/\/arikae.com\/index.php\/wp-json\/wp\/v2\/product\/7590"}],"collection":[{"href":"https:\/\/arikae.com\/index.php\/wp-json\/wp\/v2\/product"}],"about":[{"href":"https:\/\/arikae.com\/index.php\/wp-json\/wp\/v2\/types\/product"}],"replies":[{"embeddable":true,"href":"https:\/\/arikae.com\/index.php\/wp-json\/wp\/v2\/comments?post=7590"}],"wp:featuredmedia":[{"embeddable":true,"href":"https:\/\/arikae.com\/index.php\/wp-json\/wp\/v2\/media\/7591"}],"wp:attachment":[{"href":"https:\/\/arikae.com\/index.php\/wp-json\/wp\/v2\/media?parent=7590"}],"wp:term":[{"taxonomy":"product_cat","embeddable":true,"href":"https:\/\/arikae.com\/index.php\/wp-json\/wp\/v2\/product_cat?post=7590"},{"taxonomy":"product_tag","embeddable":true,"href":"https:\/\/arikae.com\/index.php\/wp-json\/wp\/v2\/product_tag?post=7590"}],"curies":[{"name":"wp","href":"https:\/\/api.w.org\/{rel}","templated":true}]}}