{"id":7593,"date":"2023-10-31T20:10:44","date_gmt":"2023-10-31T20:10:44","guid":{"rendered":"https:\/\/arikae.com\/?post_type=product&#038;p=7593"},"modified":"2023-10-31T20:10:44","modified_gmt":"2023-10-31T20:10:44","slug":"aceite-de-peyote-oil","status":"publish","type":"product","link":"https:\/\/arikae.com\/index.php\/product\/aceite-de-peyote-oil\/","title":{"rendered":"Aceite de Peyote &#8211; O\u00edl."},"content":{"rendered":"<h1><strong>Aceite de Peyote &#8211; O\u00edl.<\/strong><\/h1>\n<h2>Para ayudar a aliviar dolores de rodilla, dolores articulares, dolor del nervio ci\u00e1tico, dolor Lumbar, puede ayudar a calmar calambres, dolor de esguinces, v\u00e1rices y \u00e1cido \u00farico.<\/h2>\n","protected":false},"excerpt":{"rendered":"<h1><strong>Aceite de Peyote &#8211; O\u00edl.<\/strong><\/h1>\n<h2>Para ayudar a aliviar dolores de rodilla, dolores articulares, dolor del nervio ci\u00e1tico, dolor Lumbar, puede ayudar a calmar calambres, dolor de esguinces, v\u00e1rices y \u00e1cido urico.<\/h2>\n","protected":false},"featured_media":7594,"comment_status":"open","ping_status":"closed","template":"","meta":[],"product_cat":[300,94],"product_tag":[239,332,311,327,330,328,144,331,329,287,325,326,333],"_links":{"self":[{"href":"https:\/\/arikae.com\/index.php\/wp-json\/wp\/v2\/product\/7593"}],"collection":[{"href":"https:\/\/arikae.com\/index.php\/wp-json\/wp\/v2\/product"}],"about":[{"href":"https:\/\/arikae.com\/index.php\/wp-json\/wp\/v2\/types\/product"}],"replies":[{"embeddable":true,"href":"https:\/\/arikae.com\/index.php\/wp-json\/wp\/v2\/comments?post=7593"}],"wp:featuredmedia":[{"embeddable":true,"href":"https:\/\/arikae.com\/index.php\/wp-json\/wp\/v2\/media\/7594"}],"wp:attachment":[{"href":"https:\/\/arikae.com\/index.php\/wp-json\/wp\/v2\/media?parent=7593"}],"wp:term":[{"taxonomy":"product_cat","embeddable":true,"href":"https:\/\/arikae.com\/index.php\/wp-json\/wp\/v2\/product_cat?post=7593"},{"taxonomy":"product_tag","embeddable":true,"href":"https:\/\/arikae.com\/index.php\/wp-json\/wp\/v2\/product_tag?post=7593"}],"curies":[{"name":"wp","href":"https:\/\/api.w.org\/{rel}","templated":true}]}}